{"id":69,"date":"2012-08-12T16:39:25","date_gmt":"2012-08-12T14:39:25","guid":{"rendered":"http:\/\/www.motorradarnold.com\/neu\/?page_id=69"},"modified":"2020-08-11T19:06:39","modified_gmt":"2020-08-11T17:06:39","slug":"finanzierung-2","status":"publish","type":"page","link":"https:\/\/www.motorradarnold.com\/?page_id=69","title":{"rendered":"Finanzierung"},"content":{"rendered":"<h5><\/h5>\n<p>&nbsp;<\/p>\n<h5><\/h5>\n<h5><a href=\"https:\/\/www.motorradarnold.com\/?attachment_id=299\" rel=\"attachment wp-att-299\"><img loading=\"lazy\" decoding=\"async\" class=\"alignnone size-full wp-image-299\" alt=\"Creditplus 2\" src=\"https:\/\/www.motorradarnold.com\/wp-content\/uploads\/2012\/08\/Creditplus-2.png\" width=\"481\" height=\"105\" srcset=\"https:\/\/www.motorradarnold.com\/wp-content\/uploads\/2012\/08\/Creditplus-2.png 481w, https:\/\/www.motorradarnold.com\/wp-content\/uploads\/2012\/08\/Creditplus-2-300x65.png 300w\" sizes=\"auto, (max-width: 481px) 100vw, 481px\" \/><\/a><\/h5>\n<p>&nbsp;<\/p>\n<h5><\/h5>\n<h5>Wir bieten Euch beste Finanzierungsangebote \u00fcber unsere Partnerbank Creditplus zu unschlagbaren Konditionan an. Ihr habt die M\u00f6glichkeite die Rate und Laufzeit nach Euren Bed\u00fcrfnissen zu gestalten.<\/h5>\n<h1><\/h1>\n<h5>Bei einer Finanzierung bis 4000 \u20ac reicht uns ein Auswei\u00df oder Rei\u00dfepass sowie eine g\u00fcltige EC Karte.<\/h5>\n<h5>F\u00fcr Finanzierungen \u00fcber 4000 \u20ac\u00a0 m\u00fcssen folgende Kriterien erf\u00fcllt werden<\/h5>\n<h5>&#8211; G\u00fcltiger Personalausweis oder Reisepass<\/h5>\n<h5>&#8211; \u00fcber die Fianzierungslaufzeit einen bestehenden Arbeitsvertrag<\/h5>\n<h5>&#8211; die letzten 3 Gehalts- bzw. Lohnabrechnungen<\/h5>\n<h5>&#8211; EC Karte<\/h5>\n<p>&nbsp;<\/p>\n<h5>Eine Bewillingungsentscheidung erfolgt unmittelbar nach dem Kreditantrag<\/h5>\n<p>&nbsp;<\/p>\n","protected":false},"excerpt":{"rendered":"<p>&nbsp; &nbsp; Wir bieten Euch beste Finanzierungsangebote \u00fcber unsere Partnerbank Creditplus zu unschlagbaren Konditionan an. Ihr habt die M\u00f6glichkeite die Rate und Laufzeit nach Euren Bed\u00fcrfnissen zu gestalten. Bei einer Finanzierung bis 4000 \u20ac reicht uns ein Auswei\u00df oder Rei\u00dfepass [&hellip;]<\/p>\n","protected":false},"author":1,"featured_media":0,"parent":0,"menu_order":0,"comment_status":"closed","ping_status":"open","template":"","meta":{"footnotes":""},"class_list":["post-69","page","type-page","status-publish","hentry"],"_links":{"self":[{"href":"https:\/\/www.motorradarnold.com\/index.php?rest_route=\/wp\/v2\/pages\/69","targetHints":{"allow":["GET"]}}],"collection":[{"href":"https:\/\/www.motorradarnold.com\/index.php?rest_route=\/wp\/v2\/pages"}],"about":[{"href":"https:\/\/www.motorradarnold.com\/index.php?rest_route=\/wp\/v2\/types\/page"}],"author":[{"embeddable":true,"href":"https:\/\/www.motorradarnold.com\/index.php?rest_route=\/wp\/v2\/users\/1"}],"replies":[{"embeddable":true,"href":"https:\/\/www.motorradarnold.com\/index.php?rest_route=%2Fwp%2Fv2%2Fcomments&post=69"}],"version-history":[{"count":10,"href":"https:\/\/www.motorradarnold.com\/index.php?rest_route=\/wp\/v2\/pages\/69\/revisions"}],"predecessor-version":[{"id":439,"href":"https:\/\/www.motorradarnold.com\/index.php?rest_route=\/wp\/v2\/pages\/69\/revisions\/439"}],"wp:attachment":[{"href":"https:\/\/www.motorradarnold.com\/index.php?rest_route=%2Fwp%2Fv2%2Fmedia&parent=69"}],"curies":[{"name":"wp","href":"https:\/\/api.w.org\/{rel}","templated":true}]}}