{"id":63,"date":"2012-08-12T16:37:22","date_gmt":"2012-08-12T14:37:22","guid":{"rendered":"http:\/\/www.motorradarnold.com\/neu\/?page_id=63"},"modified":"2020-08-11T19:06:39","modified_gmt":"2020-08-11T17:06:39","slug":"fahrwerksoptimierung-2","status":"publish","type":"page","link":"https:\/\/www.motorradarnold.com\/?page_id=63","title":{"rendered":"Fahrwerksoptimierung"},"content":{"rendered":"<h5 style=\"text-align: left;\"><a href=\"https:\/\/www.motorradarnold.com\/wp-content\/uploads\/2012\/08\/4.jpg\"><img loading=\"lazy\" decoding=\"async\" class=\"alignnone  wp-image-243\" title=\"zupinshadowklein\" src=\"https:\/\/www.motorradarnold.com\/wp-content\/uploads\/2012\/08\/4.jpg\" alt=\"\" width=\"200\" height=\"63\" \/><\/a><\/h5>\n<h5 style=\"text-align: left;\">Wir bieten auch den Service einer Fahrwerksoptimierung mit unseren Spezialisten an. Dabei werden die Seriend\u00e4mpfer\/Federn durch hochwertigere Parts ersetzt. Unsere Teile beziehen wir dabei vom Zubeh\u00f6rprofi &#8222;Zupin&#8220; ein Garant f\u00fcr absolute Topware auf h\u00f6chstem Niveau.<\/h5>\n","protected":false},"excerpt":{"rendered":"<p>Wir bieten auch den Service einer Fahrwerksoptimierung mit unseren Spezialisten an. Dabei werden die Seriend\u00e4mpfer\/Federn durch hochwertigere Parts ersetzt. Unsere Teile beziehen wir dabei vom Zubeh\u00f6rprofi &#8222;Zupin&#8220; ein Garant f\u00fcr absolute Topware auf h\u00f6chstem Niveau.<\/p>\n","protected":false},"author":1,"featured_media":0,"parent":0,"menu_order":0,"comment_status":"closed","ping_status":"open","template":"","meta":{"footnotes":""},"class_list":["post-63","page","type-page","status-publish","hentry"],"_links":{"self":[{"href":"https:\/\/www.motorradarnold.com\/index.php?rest_route=\/wp\/v2\/pages\/63","targetHints":{"allow":["GET"]}}],"collection":[{"href":"https:\/\/www.motorradarnold.com\/index.php?rest_route=\/wp\/v2\/pages"}],"about":[{"href":"https:\/\/www.motorradarnold.com\/index.php?rest_route=\/wp\/v2\/types\/page"}],"author":[{"embeddable":true,"href":"https:\/\/www.motorradarnold.com\/index.php?rest_route=\/wp\/v2\/users\/1"}],"replies":[{"embeddable":true,"href":"https:\/\/www.motorradarnold.com\/index.php?rest_route=%2Fwp%2Fv2%2Fcomments&post=63"}],"version-history":[{"count":7,"href":"https:\/\/www.motorradarnold.com\/index.php?rest_route=\/wp\/v2\/pages\/63\/revisions"}],"predecessor-version":[{"id":438,"href":"https:\/\/www.motorradarnold.com\/index.php?rest_route=\/wp\/v2\/pages\/63\/revisions\/438"}],"wp:attachment":[{"href":"https:\/\/www.motorradarnold.com\/index.php?rest_route=%2Fwp%2Fv2%2Fmedia&parent=63"}],"curies":[{"name":"wp","href":"https:\/\/api.w.org\/{rel}","templated":true}]}}